{"id":37,"date":"2019-05-14T20:59:05","date_gmt":"2019-05-14T20:59:05","guid":{"rendered":"http:\/\/dev.albarella.holiday\/sk\/?page_id=37"},"modified":"2019-05-14T20:59:05","modified_gmt":"2019-05-14T20:59:05","slug":"animacie-pre-deti","status":"publish","type":"page","link":"https:\/\/albarella.holiday\/sk\/zabava-a-volny-cas\/animacie-pre-deti\/","title":{"rendered":"Anim\u00e1cie pre deti"},"content":{"rendered":"","protected":false},"excerpt":{"rendered":"","protected":false},"author":1,"featured_media":0,"parent":35,"menu_order":0,"comment_status":"closed","ping_status":"closed","template":"","meta":{"footnotes":""},"class_list":["post-37","page","type-page","status-publish","hentry"],"yoast_head":"<!-- This site is optimized with the Yoast SEO plugin v25.2 - https:\/\/yoast.com\/wordpress\/plugins\/seo\/ -->\n<title>Anim\u00e1cie pre deti - Albarella SK<\/title>\n<meta name=\"robots\" content=\"index, follow, max-snippet:-1, max-image-preview:large, max-video-preview:-1\" \/>\n<link rel=\"canonical\" href=\"https:\/\/albarella.holiday\/sk\/zabava-a-volny-cas\/animacie-pre-deti\/\" \/>\n<meta property=\"og:locale\" content=\"sk_SK\" \/>\n<meta property=\"og:type\" content=\"article\" \/>\n<meta property=\"og:title\" content=\"Anim\u00e1cie pre deti - Albarella SK\" \/>\n<meta property=\"og:url\" content=\"https:\/\/albarella.holiday\/sk\/zabava-a-volny-cas\/animacie-pre-deti\/\" \/>\n<meta property=\"og:site_name\" content=\"Albarella SK\" \/>\n<meta name=\"twitter:card\" content=\"summary_large_image\" \/>\n<script type=\"application\/ld+json\" class=\"yoast-schema-graph\">{\"@context\":\"https:\/\/schema.org\",\"@graph\":[{\"@type\":\"WebPage\",\"@id\":\"https:\/\/albarella.holiday\/sk\/zabava-a-volny-cas\/animacie-pre-deti\/\",\"url\":\"https:\/\/albarella.holiday\/sk\/zabava-a-volny-cas\/animacie-pre-deti\/\",\"name\":\"Anim\u00e1cie pre deti - Albarella SK\",\"isPartOf\":{\"@id\":\"https:\/\/albarella.holiday\/sk\/#website\"},\"datePublished\":\"2019-05-14T20:59:05+00:00\",\"breadcrumb\":{\"@id\":\"https:\/\/albarella.holiday\/sk\/zabava-a-volny-cas\/animacie-pre-deti\/#breadcrumb\"},\"inLanguage\":\"sk-SK\",\"potentialAction\":[{\"@type\":\"ReadAction\",\"target\":[\"https:\/\/albarella.holiday\/sk\/zabava-a-volny-cas\/animacie-pre-deti\/\"]}]},{\"@type\":\"BreadcrumbList\",\"@id\":\"https:\/\/albarella.holiday\/sk\/zabava-a-volny-cas\/animacie-pre-deti\/#breadcrumb\",\"itemListElement\":[{\"@type\":\"ListItem\",\"position\":1,\"name\":\"Home\",\"item\":\"https:\/\/albarella.holiday\/sk\/\"},{\"@type\":\"ListItem\",\"position\":2,\"name\":\"Z\u00e1bava a vo\u013en\u00fd \u010das\",\"item\":\"https:\/\/albarella.holiday\/sk\/zabava-a-volny-cas\/\"},{\"@type\":\"ListItem\",\"position\":3,\"name\":\"Anim\u00e1cie pre deti\"}]},{\"@type\":\"WebSite\",\"@id\":\"https:\/\/albarella.holiday\/sk\/#website\",\"url\":\"https:\/\/albarella.holiday\/sk\/\",\"name\":\"Albarella SK\",\"description\":\"Just another Albarella site\",\"potentialAction\":[{\"@type\":\"SearchAction\",\"target\":{\"@type\":\"EntryPoint\",\"urlTemplate\":\"https:\/\/albarella.holiday\/sk\/?s={search_term_string}\"},\"query-input\":{\"@type\":\"PropertyValueSpecification\",\"valueRequired\":true,\"valueName\":\"search_term_string\"}}],\"inLanguage\":\"sk-SK\"}]}<\/script>\n<!-- \/ Yoast SEO plugin. -->","yoast_head_json":{"title":"Anim\u00e1cie pre deti - Albarella SK","robots":{"index":"index","follow":"follow","max-snippet":"max-snippet:-1","max-image-preview":"max-image-preview:large","max-video-preview":"max-video-preview:-1"},"canonical":"https:\/\/albarella.holiday\/sk\/zabava-a-volny-cas\/animacie-pre-deti\/","og_locale":"sk_SK","og_type":"article","og_title":"Anim\u00e1cie pre deti - Albarella SK","og_url":"https:\/\/albarella.holiday\/sk\/zabava-a-volny-cas\/animacie-pre-deti\/","og_site_name":"Albarella SK","twitter_card":"summary_large_image","schema":{"@context":"https:\/\/schema.org","@graph":[{"@type":"WebPage","@id":"https:\/\/albarella.holiday\/sk\/zabava-a-volny-cas\/animacie-pre-deti\/","url":"https:\/\/albarella.holiday\/sk\/zabava-a-volny-cas\/animacie-pre-deti\/","name":"Anim\u00e1cie pre deti - Albarella SK","isPartOf":{"@id":"https:\/\/albarella.holiday\/sk\/#website"},"datePublished":"2019-05-14T20:59:05+00:00","breadcrumb":{"@id":"https:\/\/albarella.holiday\/sk\/zabava-a-volny-cas\/animacie-pre-deti\/#breadcrumb"},"inLanguage":"sk-SK","potentialAction":[{"@type":"ReadAction","target":["https:\/\/albarella.holiday\/sk\/zabava-a-volny-cas\/animacie-pre-deti\/"]}]},{"@type":"BreadcrumbList","@id":"https:\/\/albarella.holiday\/sk\/zabava-a-volny-cas\/animacie-pre-deti\/#breadcrumb","itemListElement":[{"@type":"ListItem","position":1,"name":"Home","item":"https:\/\/albarella.holiday\/sk\/"},{"@type":"ListItem","position":2,"name":"Z\u00e1bava a vo\u013en\u00fd \u010das","item":"https:\/\/albarella.holiday\/sk\/zabava-a-volny-cas\/"},{"@type":"ListItem","position":3,"name":"Anim\u00e1cie pre deti"}]},{"@type":"WebSite","@id":"https:\/\/albarella.holiday\/sk\/#website","url":"https:\/\/albarella.holiday\/sk\/","name":"Albarella SK","description":"Just another Albarella site","potentialAction":[{"@type":"SearchAction","target":{"@type":"EntryPoint","urlTemplate":"https:\/\/albarella.holiday\/sk\/?s={search_term_string}"},"query-input":{"@type":"PropertyValueSpecification","valueRequired":true,"valueName":"search_term_string"}}],"inLanguage":"sk-SK"}]}},"_links":{"self":[{"href":"https:\/\/albarella.holiday\/sk\/wp-json\/wp\/v2\/pages\/37","targetHints":{"allow":["GET"]}}],"collection":[{"href":"https:\/\/albarella.holiday\/sk\/wp-json\/wp\/v2\/pages"}],"about":[{"href":"https:\/\/albarella.holiday\/sk\/wp-json\/wp\/v2\/types\/page"}],"author":[{"embeddable":true,"href":"https:\/\/albarella.holiday\/sk\/wp-json\/wp\/v2\/users\/1"}],"replies":[{"embeddable":true,"href":"https:\/\/albarella.holiday\/sk\/wp-json\/wp\/v2\/comments?post=37"}],"version-history":[{"count":1,"href":"https:\/\/albarella.holiday\/sk\/wp-json\/wp\/v2\/pages\/37\/revisions"}],"predecessor-version":[{"id":38,"href":"https:\/\/albarella.holiday\/sk\/wp-json\/wp\/v2\/pages\/37\/revisions\/38"}],"up":[{"embeddable":true,"href":"https:\/\/albarella.holiday\/sk\/wp-json\/wp\/v2\/pages\/35"}],"wp:attachment":[{"href":"https:\/\/albarella.holiday\/sk\/wp-json\/wp\/v2\/media?parent=37"}],"curies":[{"name":"wp","href":"https:\/\/api.w.org\/{rel}","templated":true}]}}