{"id":30,"date":"2019-05-14T19:52:21","date_gmt":"2019-05-14T19:52:21","guid":{"rendered":"http:\/\/dev.albarella.holiday\/hu\/?page_id=30"},"modified":"2019-05-14T19:52:21","modified_gmt":"2019-05-14T19:52:21","slug":"sportolasi-lehetosegek","status":"publish","type":"page","link":"https:\/\/albarella.holiday\/hu\/szorakozas-es-szabadido\/sportolasi-lehetosegek\/","title":{"rendered":"Sportol\u00e1si lehet\u0151s\u00e9gek"},"content":{"rendered":"","protected":false},"excerpt":{"rendered":"","protected":false},"author":1,"featured_media":0,"parent":26,"menu_order":0,"comment_status":"closed","ping_status":"closed","template":"","meta":{"footnotes":""},"class_list":["post-30","page","type-page","status-publish","hentry"],"yoast_head":"<!-- This site is optimized with the Yoast SEO plugin v25.2 - https:\/\/yoast.com\/wordpress\/plugins\/seo\/ -->\n<title>Sportol\u00e1si lehet\u0151s\u00e9gek - Albarella HU<\/title>\n<meta name=\"robots\" content=\"index, follow, max-snippet:-1, max-image-preview:large, max-video-preview:-1\" \/>\n<link rel=\"canonical\" href=\"https:\/\/albarella.holiday\/hu\/szorakozas-es-szabadido\/sportolasi-lehetosegek\/\" \/>\n<meta property=\"og:locale\" content=\"hu_HU\" \/>\n<meta property=\"og:type\" content=\"article\" \/>\n<meta property=\"og:title\" content=\"Sportol\u00e1si lehet\u0151s\u00e9gek - Albarella HU\" \/>\n<meta property=\"og:url\" content=\"https:\/\/albarella.holiday\/hu\/szorakozas-es-szabadido\/sportolasi-lehetosegek\/\" \/>\n<meta property=\"og:site_name\" content=\"Albarella HU\" \/>\n<meta name=\"twitter:card\" content=\"summary_large_image\" \/>\n<script type=\"application\/ld+json\" class=\"yoast-schema-graph\">{\"@context\":\"https:\/\/schema.org\",\"@graph\":[{\"@type\":\"WebPage\",\"@id\":\"https:\/\/albarella.holiday\/hu\/szorakozas-es-szabadido\/sportolasi-lehetosegek\/\",\"url\":\"https:\/\/albarella.holiday\/hu\/szorakozas-es-szabadido\/sportolasi-lehetosegek\/\",\"name\":\"Sportol\u00e1si lehet\u0151s\u00e9gek - Albarella HU\",\"isPartOf\":{\"@id\":\"https:\/\/albarella.holiday\/hu\/#website\"},\"datePublished\":\"2019-05-14T19:52:21+00:00\",\"breadcrumb\":{\"@id\":\"https:\/\/albarella.holiday\/hu\/szorakozas-es-szabadido\/sportolasi-lehetosegek\/#breadcrumb\"},\"inLanguage\":\"hu\",\"potentialAction\":[{\"@type\":\"ReadAction\",\"target\":[\"https:\/\/albarella.holiday\/hu\/szorakozas-es-szabadido\/sportolasi-lehetosegek\/\"]}]},{\"@type\":\"BreadcrumbList\",\"@id\":\"https:\/\/albarella.holiday\/hu\/szorakozas-es-szabadido\/sportolasi-lehetosegek\/#breadcrumb\",\"itemListElement\":[{\"@type\":\"ListItem\",\"position\":1,\"name\":\"Home\",\"item\":\"https:\/\/albarella.holiday\/hu\/\"},{\"@type\":\"ListItem\",\"position\":2,\"name\":\"Sz\u00f3rakoz\u00e1s \u00e9s Szabadid\u0151\",\"item\":\"https:\/\/albarella.holiday\/hu\/szorakozas-es-szabadido\/\"},{\"@type\":\"ListItem\",\"position\":3,\"name\":\"Sportol\u00e1si lehet\u0151s\u00e9gek\"}]},{\"@type\":\"WebSite\",\"@id\":\"https:\/\/albarella.holiday\/hu\/#website\",\"url\":\"https:\/\/albarella.holiday\/hu\/\",\"name\":\"Albarella HU\",\"description\":\"Just another Albarella site\",\"potentialAction\":[{\"@type\":\"SearchAction\",\"target\":{\"@type\":\"EntryPoint\",\"urlTemplate\":\"https:\/\/albarella.holiday\/hu\/?s={search_term_string}\"},\"query-input\":{\"@type\":\"PropertyValueSpecification\",\"valueRequired\":true,\"valueName\":\"search_term_string\"}}],\"inLanguage\":\"hu\"}]}<\/script>\n<!-- \/ Yoast SEO plugin. -->","yoast_head_json":{"title":"Sportol\u00e1si lehet\u0151s\u00e9gek - Albarella HU","robots":{"index":"index","follow":"follow","max-snippet":"max-snippet:-1","max-image-preview":"max-image-preview:large","max-video-preview":"max-video-preview:-1"},"canonical":"https:\/\/albarella.holiday\/hu\/szorakozas-es-szabadido\/sportolasi-lehetosegek\/","og_locale":"hu_HU","og_type":"article","og_title":"Sportol\u00e1si lehet\u0151s\u00e9gek - Albarella HU","og_url":"https:\/\/albarella.holiday\/hu\/szorakozas-es-szabadido\/sportolasi-lehetosegek\/","og_site_name":"Albarella HU","twitter_card":"summary_large_image","schema":{"@context":"https:\/\/schema.org","@graph":[{"@type":"WebPage","@id":"https:\/\/albarella.holiday\/hu\/szorakozas-es-szabadido\/sportolasi-lehetosegek\/","url":"https:\/\/albarella.holiday\/hu\/szorakozas-es-szabadido\/sportolasi-lehetosegek\/","name":"Sportol\u00e1si lehet\u0151s\u00e9gek - Albarella HU","isPartOf":{"@id":"https:\/\/albarella.holiday\/hu\/#website"},"datePublished":"2019-05-14T19:52:21+00:00","breadcrumb":{"@id":"https:\/\/albarella.holiday\/hu\/szorakozas-es-szabadido\/sportolasi-lehetosegek\/#breadcrumb"},"inLanguage":"hu","potentialAction":[{"@type":"ReadAction","target":["https:\/\/albarella.holiday\/hu\/szorakozas-es-szabadido\/sportolasi-lehetosegek\/"]}]},{"@type":"BreadcrumbList","@id":"https:\/\/albarella.holiday\/hu\/szorakozas-es-szabadido\/sportolasi-lehetosegek\/#breadcrumb","itemListElement":[{"@type":"ListItem","position":1,"name":"Home","item":"https:\/\/albarella.holiday\/hu\/"},{"@type":"ListItem","position":2,"name":"Sz\u00f3rakoz\u00e1s \u00e9s Szabadid\u0151","item":"https:\/\/albarella.holiday\/hu\/szorakozas-es-szabadido\/"},{"@type":"ListItem","position":3,"name":"Sportol\u00e1si lehet\u0151s\u00e9gek"}]},{"@type":"WebSite","@id":"https:\/\/albarella.holiday\/hu\/#website","url":"https:\/\/albarella.holiday\/hu\/","name":"Albarella HU","description":"Just another Albarella site","potentialAction":[{"@type":"SearchAction","target":{"@type":"EntryPoint","urlTemplate":"https:\/\/albarella.holiday\/hu\/?s={search_term_string}"},"query-input":{"@type":"PropertyValueSpecification","valueRequired":true,"valueName":"search_term_string"}}],"inLanguage":"hu"}]}},"_links":{"self":[{"href":"https:\/\/albarella.holiday\/hu\/wp-json\/wp\/v2\/pages\/30","targetHints":{"allow":["GET"]}}],"collection":[{"href":"https:\/\/albarella.holiday\/hu\/wp-json\/wp\/v2\/pages"}],"about":[{"href":"https:\/\/albarella.holiday\/hu\/wp-json\/wp\/v2\/types\/page"}],"author":[{"embeddable":true,"href":"https:\/\/albarella.holiday\/hu\/wp-json\/wp\/v2\/users\/1"}],"replies":[{"embeddable":true,"href":"https:\/\/albarella.holiday\/hu\/wp-json\/wp\/v2\/comments?post=30"}],"version-history":[{"count":1,"href":"https:\/\/albarella.holiday\/hu\/wp-json\/wp\/v2\/pages\/30\/revisions"}],"predecessor-version":[{"id":31,"href":"https:\/\/albarella.holiday\/hu\/wp-json\/wp\/v2\/pages\/30\/revisions\/31"}],"up":[{"embeddable":true,"href":"https:\/\/albarella.holiday\/hu\/wp-json\/wp\/v2\/pages\/26"}],"wp:attachment":[{"href":"https:\/\/albarella.holiday\/hu\/wp-json\/wp\/v2\/media?parent=30"}],"curies":[{"name":"wp","href":"https:\/\/api.w.org\/{rel}","templated":true}]}}